{"id":17,"date":"2025-05-03T12:27:27","date_gmt":"2025-05-03T12:27:27","guid":{"rendered":"https:\/\/winddd.click\/?page_id=17"},"modified":"2025-05-03T12:29:55","modified_gmt":"2025-05-03T12:29:55","slug":"winddd-dang-nhap-windd-nhan-thuong-tai-winddwin","status":"publish","type":"page","link":"https:\/\/winddd.click\/","title":{"rendered":"Winddd \u0111\u0103ng nh\u1eadp windd nh\u1eadn th\u01b0\u1edfng t\u1ea1i winddwin"},"content":{"rendered":"\n<p><strong><a href=\"https:\/\/winddd.click\/\">Winddd<\/a><\/strong> nh\u00e0 c\u00e1i windd m\u1edbi ra m\u1eaft <strong>winddwin <\/strong>\u0111\u0103ng nh\u1eadp v\u00e0o windd1.com, windd2.com, windd3.com windd4.com windd5.com windd6.com windd7.com, windd8.com, windd9.com \u0111\u00e2y l\u00e0 c\u00e1c \u0111\u01b0\u1eddng link ch\u00ednh th\u1ee9c m\u1edbi nh\u1ea5t c\u1ee7a nh\u00e0 c\u00e1i windd.com, h\u1ed9i vi\u00ean truy c\u1eadp v\u00e0o \u0111\u1ec3 \u0111\u1eb7t c\u01b0\u1ee3c v\u00e0 tr\u00e1nh nh\u1ea7m l\u1eabn v\u1edbi nh\u1eefng t\u00ean mi\u1ec1n gi\u1ea3 m\u1ea1o.<\/p>\n\n\n\n<div class=\"wp-block-buttons is-content-justification-center is-layout-flex wp-container-core-buttons-is-layout-16018d1d wp-block-buttons-is-layout-flex\">\n<div class=\"wp-block-button is-style-outline is-style-outline--1\"><a class=\"wp-block-button__link has-mercury-white-color has-text-color has-background has-link-color wp-element-button\" href=\"https:\/\/appvn.fun\/28web\" style=\"background-color:#fa1900\" target=\"_blank\" rel=\"noreferrer noopener nofollow\"><strong>\u0110\u0103ng k\u00fd<\/strong><\/a><\/div>\n\n\n\n<div class=\"wp-block-button is-style-outline is-style-outline--2\"><a class=\"wp-block-button__link has-mercury-white-color has-text-color has-background has-link-color wp-element-button\" href=\"https:\/\/appvn.fun\/28web\" style=\"background-color:#fefa00\" target=\"_blank\" rel=\"noreferrer noopener nofollow\"><strong>\u0110\u0103ng nh\u1eadp<\/strong><\/a><\/div>\n<\/div>\n\n\n\n<h2 class=\"wp-block-heading has-text-align-center\">Winddd nh\u00e0 c\u00e1i windd xanh ch\u00edn s\u1ed1 1 hi\u1ec7n t\u1ea1i<\/h2>\n\n\n<div class=\"wp-block-image\">\n<figure class=\"aligncenter size-full\"><img loading=\"lazy\" decoding=\"async\" width=\"1004\" height=\"496\" src=\"https:\/\/winddd.click\/wp-content\/uploads\/2025\/05\/winddd-2.png\" alt=\"winddd\" class=\"wp-image-7\" title=\"winddd\" srcset=\"https:\/\/winddd.click\/wp-content\/uploads\/2025\/05\/winddd-2.png 1004w, https:\/\/winddd.click\/wp-content\/uploads\/2025\/05\/winddd-2-768x379.png 768w, https:\/\/winddd.click\/wp-content\/uploads\/2025\/05\/winddd-2-81x40.png 81w, https:\/\/winddd.click\/wp-content\/uploads\/2025\/05\/winddd-2-65x32.png 65w, https:\/\/winddd.click\/wp-content\/uploads\/2025\/05\/winddd-2-162x80.png 162w, https:\/\/winddd.click\/wp-content\/uploads\/2025\/05\/winddd-2-273x135.png 273w\" sizes=\"auto, (max-width: 1004px) 100vw, 1004px\" \/><\/figure>\n<\/div>\n\n\n<p>Nh\u1eafc \u0111\u1ebfn <strong>winddd <\/strong>th\u00ec \u0111\u00e2y l\u00e0 m\u1ed9t nh\u00e0 c\u00e1i m\u1edbi \u0111\u01b0\u1ee3c ra m\u1eaft nh\u01b0ng l\u1ea1i nh\u1eadn \u0111\u01b0\u1ee3c s\u1ef1 tin t\u01b0\u1edfng l\u1edbn c\u1ee7a ng\u01b0\u1eddi ch\u01a1i. L\u00fd do v\u00ec sao? \u0110\u00f3 ch\u00ednh l\u00e0 v\u00ec<em> winddx5.com<\/em> c\u00f3 h\u1ec7 th\u1ed1ng tr\u00f2 ch\u01a1i xanh ch\u00edn c\u00f9ng v\u1edbi c\u1ed5ng thanh to\u00e1n nhanh v\u00e0 minh b\u1ea1ch th\u1ebf n\u00ean \u0111\u1ea3m b\u1ea3o ngu\u1ed3n t\u00e0i ch\u00ednh c\u1ee7a ng\u01b0\u1eddi ch\u01a1i. \u0110\u1eb7t c\u01b0\u1ee3c t\u1ea1i<strong> wwwindd.com<\/strong> s\u1ebd c\u00f3 nhi\u1ec1u l\u1ef1a ch\u1ecdn cho b\u1ea1n, c\u00f3 th\u1ec3 ch\u01a1i nhi\u1ec1u game kh\u00e1c nhau.<\/p>\n\n\n<div class=\"wp-block-image\">\n<figure class=\"aligncenter size-full\"><img loading=\"lazy\" decoding=\"async\" width=\"1254\" height=\"453\" src=\"https:\/\/winddd.click\/wp-content\/uploads\/2025\/05\/winddd-1.png\" alt=\"winddd\" class=\"wp-image-6\" title=\"winddd\" srcset=\"https:\/\/winddd.click\/wp-content\/uploads\/2025\/05\/winddd-1.png 1254w, https:\/\/winddd.click\/wp-content\/uploads\/2025\/05\/winddd-1-768x277.png 768w, https:\/\/winddd.click\/wp-content\/uploads\/2025\/05\/winddd-1-111x40.png 111w, https:\/\/winddd.click\/wp-content\/uploads\/2025\/05\/winddd-1-89x32.png 89w, https:\/\/winddd.click\/wp-content\/uploads\/2025\/05\/winddd-1-221x80.png 221w, https:\/\/winddd.click\/wp-content\/uploads\/2025\/05\/winddd-1-374x135.png 374w\" sizes=\"auto, (max-width: 1254px) 100vw, 1254px\" \/><\/figure>\n<\/div>\n\n\n<ul class=\"wp-block-list\">\n<li>S\u00f2ng b\u00e0i<\/li>\n\n\n\n<li>Ph\u1ecfm<\/li>\n\n\n\n<li>N\u1ed5 h\u0169<\/li>\n\n\n\n<li>Th\u1ec3 thao<\/li>\n\n\n\n<li>B\u1eafn c\u00e1<\/li>\n\n\n\n<li>Jackpot<\/li>\n\n\n\n<li>Casino live<\/li>\n<\/ul>\n\n\n\n<h3 class=\"wp-block-heading\">Tham gia ngay v\u00e0o winddd link t\u1ea3i ch\u00ednh th\u1ee9c<\/h3>\n","protected":false},"excerpt":{"rendered":"<p>Winddd nh\u00e0 c\u00e1i windd m\u1edbi ra m\u1eaft winddwin \u0111\u0103ng nh\u1eadp v\u00e0o windd1.com, windd2.com, windd3.com windd4.com windd5.com windd6.com windd7.com, windd8.com, windd9.com \u0111\u00e2y l\u00e0 c\u00e1c \u0111\u01b0\u1eddng link ch\u00ednh th\u1ee9c m\u1edbi nh\u1ea5t c\u1ee7a nh\u00e0 c\u00e1i windd.com, h\u1ed9i vi\u00ean truy c\u1eadp v\u00e0o \u0111\u1ec3 \u0111\u1eb7t c\u01b0\u1ee3c v\u00e0 tr\u00e1nh nh\u1ea7m l\u1eabn v\u1edbi nh\u1eefng t\u00ean mi\u1ec1n gi\u1ea3 m\u1ea1o. Winddd nh\u00e0 c\u00e1i windd [&hellip;]<\/p>\n","protected":false},"author":1,"featured_media":5,"parent":0,"menu_order":0,"comment_status":"closed","ping_status":"closed","template":"page-without-title.php","meta":{"footnotes":""},"class_list":["post-17","page","type-page","status-publish","has-post-thumbnail","hentry"],"_links":{"self":[{"href":"https:\/\/winddd.click\/index.php\/wp-json\/wp\/v2\/pages\/17","targetHints":{"allow":["GET"]}}],"collection":[{"href":"https:\/\/winddd.click\/index.php\/wp-json\/wp\/v2\/pages"}],"about":[{"href":"https:\/\/winddd.click\/index.php\/wp-json\/wp\/v2\/types\/page"}],"author":[{"embeddable":true,"href":"https:\/\/winddd.click\/index.php\/wp-json\/wp\/v2\/users\/1"}],"replies":[{"embeddable":true,"href":"https:\/\/winddd.click\/index.php\/wp-json\/wp\/v2\/comments?post=17"}],"version-history":[{"count":3,"href":"https:\/\/winddd.click\/index.php\/wp-json\/wp\/v2\/pages\/17\/revisions"}],"predecessor-version":[{"id":22,"href":"https:\/\/winddd.click\/index.php\/wp-json\/wp\/v2\/pages\/17\/revisions\/22"}],"wp:featuredmedia":[{"embeddable":true,"href":"https:\/\/winddd.click\/index.php\/wp-json\/wp\/v2\/media\/5"}],"wp:attachment":[{"href":"https:\/\/winddd.click\/index.php\/wp-json\/wp\/v2\/media?parent=17"}],"curies":[{"name":"wp","href":"https:\/\/api.w.org\/{rel}","templated":true}]}}